{"id":12,"date":"2024-04-22T15:25:38","date_gmt":"2024-04-22T15:25:38","guid":{"rendered":"https:\/\/peter-upl.its.umu.se\/nehu\/?page_id=12"},"modified":"2024-06-17T13:06:52","modified_gmt":"2024-06-17T13:06:52","slug":"sida-for-tjanster","status":"publish","type":"page","link":"https:\/\/nehu.se\/nehu\/?page_id=12","title":{"rendered":"Exempelsamling"},"content":{"rendered":"\r\n<div class=\"wp-block-columns is-layout-flex wp-container-core-columns-is-layout-28f84493 wp-block-columns-is-layout-flex\">\r\n<div class=\"wp-block-column is-layout-flow wp-block-column-is-layout-flow\">\r\n<p>V\u00e4lkomna till NEHU:s exempelsamling. Vi vill skapa en s\u00f6kbar resurs med exempel som kan hj\u00e4lpa oss alla i v\u00e5rt arbete med att utarbeta och utforma examination i v\u00e5ra respektive kurser.\u00a0 D\u00e4rf\u00f6r har vi b\u00f6rjat samla in olika exempel p\u00e5 examinations- och bed\u00f6mningsstrategier. F\u00f6r att strukturera och kunna s\u00f6ka i resursen har vi f\u00f6reslagit en kategorisering som m\u00f6jligg\u00f6r att s\u00f6ka efter olika aspekter av examinationsf\u00f6rfarande ut\u00f6ver eventuellt \u00e4mne eller rubrik. Resursen \u00e4r under uppbyggnad och v\u00e4xer kontinuerligt samt kan komma att beh\u00f6va omstruktureras baserat p\u00e5 \u00e5terkoppling fr\u00e5n kollegor runt om i landet.<\/p>\r\n<p>I nul\u00e4get \u00e4r strukturen endast tillg\u00e4nglig p\u00e5 svenska. S\u00e5 snart struktur och inneh\u00e5ll \u00e4r mera etablerade avser vi att \u00e4ven \u00f6vers\u00e4tta resursen f\u00f6r \u00f6kad tillg\u00e4nglighet f\u00f6r v\u00e5ra m\u00e5nga kollegor som inte kommer att kunna utnyttja den svenska versionen.<\/p>\r\n<h2 class=\"wp-block-heading\">Beskrivning av kategorier<\/h2>\r\n\r\n\r\n\r\n<p>Alla exempel \u00e4r kategoriserade i huvudkategorier och underkategorier. F\u00f6r utf\u00f6rligare beskrivning av dessa och hur de \u00e4r organiserade, se:<\/p>\r\n\r\n\r\n\r\n<p class=\"has-link-color wp-elements-2a4cdf9c4440728a615baa94876bc286\"><h3 class=\"has-link-color\"><a href=\"https:\/\/nehu.se\/nehu\/?page_id=250\" data-type=\"page\" data-id=\"174\">Beskrivning av kategorier<\/a><\/h3><\/p>\r\n<\/div>\r\n<\/div>\r\n\r\n\r\n\r\n<h2 class=\"wp-block-heading\">S\u00f6k exempel<\/h2>\r\n\r\n\r\n\r\n<p>Anv\u00e4nd fritexts\u00f6kningen och\/eller kategorierna nedan f\u00f6r att s\u00f6ka bland exemplen. Klicka p\u00e5 &#8221;S\u00f6k&#8221; direkt f\u00f6r att visa samtliga exempel i kronologisk ordning.<\/p>\r\n\r\n\r\n\r\n<div class=\"wp-block-spacer\" style=\"height: 10px;\" aria-hidden=\"true\">\u00a0<\/div>\r\n\r\n\r\n\r\n<div class=\"wp-block-columns is-layout-flex wp-container-core-columns-is-layout-28f84493 wp-block-columns-is-layout-flex\">\r\n<div class=\"wp-block-column is-layout-flow wp-block-column-is-layout-flow\">\r\n<div class=\"wp-block-columns is-layout-flex wp-container-core-columns-is-layout-28f84493 wp-block-columns-is-layout-flex\">\r\n<div class=\"wp-block-column is-layout-flow wp-block-column-is-layout-flow\"><div  class=\"search-filter search-filter--input-type-text search-filter--scale search-filter--scale-4 search-filter--type-search search-filter-field--43 search-filter--width- search-filter--align- search-filter--align-text- search-filter--style-1\"  data-search-filter-uid=\"1\" ><\/div><\/div>\r\n\r\n\r\n\r\n<div class=\"wp-block-column is-layout-flow wp-block-column-is-layout-flow\"><div  class=\"search-filter search-filter--input-type-select search-filter--scale search-filter--scale-4 search-filter--type-filter search-filter-field--34 search-filter--width- search-filter--align- search-filter--align-text- search-filter--style-1\"  data-search-filter-uid=\"2\" ><\/div><\/div>\r\n<\/div>\r\n<\/div>\r\n<\/div>\r\n\r\n\r\n\r\n<div class=\"wp-block-columns is-layout-flex wp-container-core-columns-is-layout-28f84493 wp-block-columns-is-layout-flex\">\r\n<div class=\"wp-block-column is-layout-flow wp-block-column-is-layout-flow\"><div  class=\"search-filter search-filter--control-type-submit search-filter--scale search-filter--scale-4 search-filter--type-control search-filter-field--44 search-filter--width-25 search-filter--align- search-filter--align-text- search-filter--style-1\"  data-search-filter-uid=\"3\" ><\/div><\/div>\r\n<\/div>\r\n\r\n\r\n<div class=\"wp-block-jquery-categories-list-categories-block\"  data-title=\"\" data-symbol=\"1\" data-effect=\"slide\" data-layout=\"left\" data-orderby=\"name\" data-orderdir=\"ASC\" data-expand=\"sel_cat\" data-showcount=\"1\" data-show_empty=\"1\" data-parent_expand=\"0\" data-include_or_exclude=\"exclude\" data-categories=\"1\"><\/div>\r\n\r\n\r\n<div class=\"wp-block-columns is-layout-flex wp-container-core-columns-is-layout-28f84493 wp-block-columns-is-layout-flex\">\r\n<div class=\"wp-block-column is-layout-flow wp-block-column-is-layout-flow\">\r\n<h2 class=\"wp-block-heading\">Senaste exempel<\/h2>\r\n\r\n\r\n<ul class=\"wp-block-latest-posts__list has-dates wp-block-latest-posts\"><li><a class=\"wp-block-latest-posts__post-title\" href=\"https:\/\/nehu.se\/nehu\/?p=386\">Sj\u00e4lvr\u00e4ttande quiz f\u00f6r bonuspo\u00e4ng<\/a><time datetime=\"2024-06-18T04:23:09+00:00\" class=\"wp-block-latest-posts__post-date\">juni 18, 2024<\/time><\/li>\n<li><a class=\"wp-block-latest-posts__post-title\" href=\"https:\/\/nehu.se\/nehu\/?p=406\">Kul-kurs i str\u00f6mningsl\u00e4ra<\/a><time datetime=\"2024-06-17T15:06:35+00:00\" class=\"wp-block-latest-posts__post-date\">juni 17, 2024<\/time><\/li>\n<li><a class=\"wp-block-latest-posts__post-title\" href=\"https:\/\/nehu.se\/nehu\/?p=385\">Exempel p\u00e5 digital salstentamen<\/a><time datetime=\"2024-06-17T14:57:47+00:00\" class=\"wp-block-latest-posts__post-date\">juni 17, 2024<\/time><\/li>\n<li><a class=\"wp-block-latest-posts__post-title\" href=\"https:\/\/nehu.se\/nehu\/?p=399\">Exempel p\u00e5 simulering<\/a><time datetime=\"2024-06-17T14:57:04+00:00\" class=\"wp-block-latest-posts__post-date\">juni 17, 2024<\/time><\/li>\n<li><a class=\"wp-block-latest-posts__post-title\" href=\"https:\/\/nehu.se\/nehu\/?p=381\">Varmt v\u00e4lkommen till workshoppen, woop woop!!<\/a><time datetime=\"2024-06-17T11:24:40+00:00\" class=\"wp-block-latest-posts__post-date\">juni 17, 2024<\/time><\/li>\n<\/ul><\/div>\r\n<\/div>\r\n","protected":false},"excerpt":{"rendered":"<p>V\u00e4lkomna till NEHU:s exempelsamling. Vi vill skapa en s\u00f6kbar resurs med exempel som kan hj\u00e4lpa oss alla i v\u00e5rt arbete med att utarbeta och utforma examination i v\u00e5ra respektive kurser.\u00a0 D\u00e4rf\u00f6r har vi b\u00f6rjat samla in olika exempel p\u00e5 examinations- och bed\u00f6mningsstrategier. F\u00f6r att strukturera och kunna s\u00f6ka i resursen har vi f\u00f6reslagit en kategorisering [&hellip;]<\/p>\n","protected":false},"author":1,"featured_media":0,"parent":0,"menu_order":0,"comment_status":"closed","ping_status":"closed","template":"","meta":{"_acf_changed":false,"footnotes":""},"class_list":["post-12","page","type-page","status-publish","hentry"],"acf":[],"_links":{"self":[{"href":"https:\/\/nehu.se\/nehu\/index.php?rest_route=\/wp\/v2\/pages\/12","targetHints":{"allow":["GET"]}}],"collection":[{"href":"https:\/\/nehu.se\/nehu\/index.php?rest_route=\/wp\/v2\/pages"}],"about":[{"href":"https:\/\/nehu.se\/nehu\/index.php?rest_route=\/wp\/v2\/types\/page"}],"author":[{"embeddable":true,"href":"https:\/\/nehu.se\/nehu\/index.php?rest_route=\/wp\/v2\/users\/1"}],"replies":[{"embeddable":true,"href":"https:\/\/nehu.se\/nehu\/index.php?rest_route=%2Fwp%2Fv2%2Fcomments&post=12"}],"version-history":[{"count":65,"href":"https:\/\/nehu.se\/nehu\/index.php?rest_route=\/wp\/v2\/pages\/12\/revisions"}],"predecessor-version":[{"id":384,"href":"https:\/\/nehu.se\/nehu\/index.php?rest_route=\/wp\/v2\/pages\/12\/revisions\/384"}],"wp:attachment":[{"href":"https:\/\/nehu.se\/nehu\/index.php?rest_route=%2Fwp%2Fv2%2Fmedia&parent=12"}],"curies":[{"name":"wp","href":"https:\/\/api.w.org\/{rel}","templated":true}]}}