{"id":183,"date":"2024-06-07T06:44:28","date_gmt":"2024-06-07T06:44:28","guid":{"rendered":"https:\/\/nehu.se\/nehu\/?page_id=183"},"modified":"2024-06-14T09:19:50","modified_gmt":"2024-06-14T09:19:50","slug":"kategori-anonym","status":"publish","type":"page","link":"https:\/\/nehu.se\/nehu\/?page_id=183","title":{"rendered":"Anonym"},"content":{"rendered":"<h1><b><span data-contrast=\"none\">Anonym<\/span><\/b><span data-ccp-props=\"{&quot;201341983&quot;:0,&quot;335559740&quot;:259,&quot;469777462&quot;:[560,1120,1680,2240,2800,3360,3920,4480,5040,5600,6160,6720],&quot;469777927&quot;:[0,0,0,0,0,0,0,0,0,0,0,0],&quot;469777928&quot;:[1,1,1,1,1,1,1,1,1,1,1,1]}\">\u00a0<\/span><\/h1>\n<p><span data-contrast=\"none\">En anonym bed\u00f6mning inneb\u00e4r att underlaget som den bed\u00f6mande l\u00e4raren har att beakta i betygs\u00e4ttningen \u00e4r avidentifierat. I en anonym bed\u00f6mning hindras den som bed\u00f6mer fr\u00e5n att ta ovidkommande saker om individen i beaktande. Det hindrar dock inte att ovidkommande saker i sj\u00e4lva bed\u00f6mningen tas i beaktande (t.ex. struktur, handstil eller spr\u00e5kligt uttryck). En nackdel kan vara att den som bed\u00f6mer har mindre information om studentens kunskaper i j\u00e4mf\u00f6relse med i det fall l\u00e4raren k\u00e4nner till vem studenten \u00e4r.\u00a0<\/span><span data-ccp-props=\"{&quot;469777462&quot;:[560,1120,1680,2240,2800,3360,3920,4480,5040,5600,6160,6720],&quot;469777927&quot;:[0,0,0,0,0,0,0,0,0,0,0,0],&quot;469777928&quot;:[1,1,1,1,1,1,1,1,1,1,1,1]}\">\u00a0<\/span><\/p>\n<p><span data-contrast=\"none\">\u00a0\u00a0<\/span><span data-ccp-props=\"{&quot;469777462&quot;:[560,1120,1680,2240,2800,3360,3920,4480,5040,5600,6160,6720],&quot;469777927&quot;:[0,0,0,0,0,0,0,0,0,0,0,0],&quot;469777928&quot;:[1,1,1,1,1,1,1,1,1,1,1,1]}\">\u00a0<\/span><\/p>\n<h1><b><span data-contrast=\"none\">Icke-anonym<\/span><\/b><span data-ccp-props=\"{&quot;201341983&quot;:0,&quot;335559740&quot;:259,&quot;469777462&quot;:[560,1120,1680,2240,2800,3360,3920,4480,5040,5600,6160,6720],&quot;469777927&quot;:[0,0,0,0,0,0,0,0,0,0,0,0],&quot;469777928&quot;:[1,1,1,1,1,1,1,1,1,1,1,1]}\">\u00a0<\/span><\/h1>\n<p><span data-contrast=\"none\">En icke-anonym bed\u00f6mning inneb\u00e4r att underlaget som den bed\u00f6mande l\u00e4raren har att beakta i betygs\u00e4ttningen \u00e4r identifierat. I en icke-anonym bed\u00f6mning kan den som bed\u00f6mer ta h\u00e4nsyn till relevanta saker om individen. Detta hindrar dock inte att ovidkommande saker i sj\u00e4lva bed\u00f6mningen kan p\u00e5verka resultatet (t.ex. struktur, handstil eller spr\u00e5kligt uttryck). En f\u00f6rdel kan vara att den som bed\u00f6mer har mer information om studentens kunskaper j\u00e4mf\u00f6rt med n\u00e4r l\u00e4raren inte vet vem studenten \u00e4r.<\/span><span data-ccp-props=\"{&quot;201341983&quot;:0,&quot;335559740&quot;:259,&quot;469777462&quot;:[560,1120,1680,2240,2800,3360,3920,4480,5040,5600,6160,6720],&quot;469777927&quot;:[0,0,0,0,0,0,0,0,0,0,0,0],&quot;469777928&quot;:[1,1,1,1,1,1,1,1,1,1,1,1]}\">\u00a0<\/span><\/p>\n<p><span data-ccp-props=\"{&quot;469777462&quot;:[560,1120,1680,2240,2800,3360,3920,4480,5040,5600,6160,6720],&quot;469777927&quot;:[0,0,0,0,0,0,0,0,0,0,0,0],&quot;469777928&quot;:[1,1,1,1,1,1,1,1,1,1,1,1]}\">\u00a0<\/span><\/p>\n","protected":false},"excerpt":{"rendered":"<p>Anonym\u00a0 En anonym bed\u00f6mning inneb\u00e4r att underlaget som den bed\u00f6mande l\u00e4raren har att beakta i betygs\u00e4ttningen \u00e4r avidentifierat. I en anonym bed\u00f6mning hindras den som bed\u00f6mer fr\u00e5n att ta ovidkommande saker om individen i beaktande. Det hindrar dock inte att ovidkommande saker i sj\u00e4lva bed\u00f6mningen tas i beaktande (t.ex. struktur, handstil eller spr\u00e5kligt uttryck). En [&hellip;]<\/p>\n","protected":false},"author":1,"featured_media":0,"parent":250,"menu_order":0,"comment_status":"closed","ping_status":"closed","template":"","meta":{"_acf_changed":false,"footnotes":""},"class_list":["post-183","page","type-page","status-publish","hentry"],"acf":[],"_links":{"self":[{"href":"https:\/\/nehu.se\/nehu\/index.php?rest_route=\/wp\/v2\/pages\/183","targetHints":{"allow":["GET"]}}],"collection":[{"href":"https:\/\/nehu.se\/nehu\/index.php?rest_route=\/wp\/v2\/pages"}],"about":[{"href":"https:\/\/nehu.se\/nehu\/index.php?rest_route=\/wp\/v2\/types\/page"}],"author":[{"embeddable":true,"href":"https:\/\/nehu.se\/nehu\/index.php?rest_route=\/wp\/v2\/users\/1"}],"replies":[{"embeddable":true,"href":"https:\/\/nehu.se\/nehu\/index.php?rest_route=%2Fwp%2Fv2%2Fcomments&post=183"}],"version-history":[{"count":4,"href":"https:\/\/nehu.se\/nehu\/index.php?rest_route=\/wp\/v2\/pages\/183\/revisions"}],"predecessor-version":[{"id":336,"href":"https:\/\/nehu.se\/nehu\/index.php?rest_route=\/wp\/v2\/pages\/183\/revisions\/336"}],"up":[{"embeddable":true,"href":"https:\/\/nehu.se\/nehu\/index.php?rest_route=\/wp\/v2\/pages\/250"}],"wp:attachment":[{"href":"https:\/\/nehu.se\/nehu\/index.php?rest_route=%2Fwp%2Fv2%2Fmedia&parent=183"}],"curies":[{"name":"wp","href":"https:\/\/api.w.org\/{rel}","templated":true}]}}