{"id":185,"date":"2024-06-07T06:44:48","date_gmt":"2024-06-07T06:44:48","guid":{"rendered":"https:\/\/nehu.se\/nehu\/?page_id=185"},"modified":"2024-06-14T08:54:21","modified_gmt":"2024-06-14T08:54:21","slug":"kategori-overvakad","status":"publish","type":"page","link":"https:\/\/nehu.se\/nehu\/?page_id=185","title":{"rendered":"\u00d6vervakad"},"content":{"rendered":"<p><b><span data-contrast=\"none\">\u00d6vervakad Examination<\/span><\/b><span data-ccp-props=\"{&quot;201341983&quot;:0,&quot;335559740&quot;:259,&quot;469777462&quot;:[560,1120,1680,2240,2800,3360,3920,4480,5040,5600,6160,6720],&quot;469777927&quot;:[0,0,0,0,0,0,0,0,0,0,0,0],&quot;469777928&quot;:[1,1,1,1,1,1,1,1,1,1,1,1]}\">\u00a0<\/span><\/p>\n<p><span data-ccp-props=\"{&quot;201341983&quot;:0,&quot;335559740&quot;:259,&quot;469777462&quot;:[560,1120,1680,2240,2800,3360,3920,4480,5040,5600,6160,6720],&quot;469777927&quot;:[0,0,0,0,0,0,0,0,0,0,0,0],&quot;469777928&quot;:[1,1,1,1,1,1,1,1,1,1,1,1]}\">\u00a0<\/span><\/p>\n<p><b><span data-contrast=\"none\">Bakgrund\/sammanhang\u00a0<\/span><\/b><span data-ccp-props=\"{&quot;469777462&quot;:[560,1120,1680,2240,2800,3360,3920,4480,5040,5600,6160,6720],&quot;469777927&quot;:[0,0,0,0,0,0,0,0,0,0,0,0],&quot;469777928&quot;:[1,1,1,1,1,1,1,1,1,1,1,1]}\">\u00a0<\/span><\/p>\n<p><span data-contrast=\"none\">\u00d6vervakad examination genomf\u00f6rs f\u00f6r att s\u00e4kerst\u00e4lla r\u00e4ttvisa och f\u00f6rhindra fusk. Denna metod innefattar t.ex. skriftliga prov i skrivsal, muntliga examinationer, l\u00f6pande examination d\u00e4r \u00f6vervakning i samtal ing\u00e5r, \u00f6vervakade stickprov och digitala prov som \u00f6vervakas online.\u00a0<\/span><span data-ccp-props=\"{&quot;469777462&quot;:[560,1120,1680,2240,2800,3360,3920,4480,5040,5600,6160,6720],&quot;469777927&quot;:[0,0,0,0,0,0,0,0,0,0,0,0],&quot;469777928&quot;:[1,1,1,1,1,1,1,1,1,1,1,1]}\">\u00a0<\/span><\/p>\n<p><span data-ccp-props=\"{&quot;469777462&quot;:[560,1120,1680,2240,2800,3360,3920,4480,5040,5600,6160,6720],&quot;469777927&quot;:[0,0,0,0,0,0,0,0,0,0,0,0],&quot;469777928&quot;:[1,1,1,1,1,1,1,1,1,1,1,1]}\">\u00a0<\/span><\/p>\n<p><b><span data-contrast=\"none\">Uppbyggnad<\/span><\/b><span data-ccp-props=\"{&quot;469777462&quot;:[560,1120,1680,2240,2800,3360,3920,4480,5040,5600,6160,6720],&quot;469777927&quot;:[0,0,0,0,0,0,0,0,0,0,0,0],&quot;469777928&quot;:[1,1,1,1,1,1,1,1,1,1,1,1]}\">\u00a0<\/span><\/p>\n<p><span data-contrast=\"none\">\u00d6vervakad examination kan anta flera former. Traditionellt sker det i ett klassrum eller skrivsal d\u00e4r en tentamensvakt \u00f6vervakar studenterna f\u00f6r att f\u00f6rhindra otill\u00e5ten kommunikation och anv\u00e4ndning av hj\u00e4lpmedel. Muntliga examinationer inneb\u00e4r att studenterna svarar p\u00e5 fr\u00e5gor direkt inf\u00f6r en examinator, vilket till\u00e5ter en omedelbar bed\u00f6mning av deras kunskap och f\u00f6rst\u00e5else. Med den teknologiska utvecklingen har \u00e4ven online-\u00f6vervakning blivit vanligt. H\u00e4r anv\u00e4nds speciell programvara f\u00f6r att \u00f6vervaka studentens aktivitet via webbkameror och sk\u00e4rminspelningar, vilket kr\u00e4ver tillg\u00e5ng till en stabil internetanslutning och l\u00e4mplig teknisk utrustning.<\/span><span data-ccp-props=\"{&quot;469777462&quot;:[560,1120,1680,2240,2800,3360,3920,4480,5040,5600,6160,6720],&quot;469777927&quot;:[0,0,0,0,0,0,0,0,0,0,0,0],&quot;469777928&quot;:[1,1,1,1,1,1,1,1,1,1,1,1]}\">\u00a0<\/span><\/p>\n<p><span data-ccp-props=\"{&quot;469777462&quot;:[560,1120,1680,2240,2800,3360,3920,4480,5040,5600,6160,6720],&quot;469777927&quot;:[0,0,0,0,0,0,0,0,0,0,0,0],&quot;469777928&quot;:[1,1,1,1,1,1,1,1,1,1,1,1]}\">\u00a0<\/span><\/p>\n<p><b><span data-contrast=\"none\">F\u00f6r\/nackdelar<\/span><\/b><span data-ccp-props=\"{&quot;469777462&quot;:[560,1120,1680,2240,2800,3360,3920,4480,5040,5600,6160,6720],&quot;469777927&quot;:[0,0,0,0,0,0,0,0,0,0,0,0],&quot;469777928&quot;:[1,1,1,1,1,1,1,1,1,1,1,1]}\">\u00a0<\/span><\/p>\n<p><span data-contrast=\"none\">F\u00f6rdelar: \u00d6vervakad examination minskar m\u00f6jligheten till att f\u00e5 otillb\u00f6rlig hj\u00e4lp. Den strukturerade milj\u00f6n kan hj\u00e4lpa vissa studenter att fokusera och prestera i enlighet med sin faktiska f\u00f6rm\u00e5ga.<\/span><span data-ccp-props=\"{&quot;469777462&quot;:[560,1120,1680,2240,2800,3360,3920,4480,5040,5600,6160,6720],&quot;469777927&quot;:[0,0,0,0,0,0,0,0,0,0,0,0],&quot;469777928&quot;:[1,1,1,1,1,1,1,1,1,1,1,1]}\">\u00a0<\/span><\/p>\n<p><span data-ccp-props=\"{&quot;469777462&quot;:[560,1120,1680,2240,2800,3360,3920,4480,5040,5600,6160,6720],&quot;469777927&quot;:[0,0,0,0,0,0,0,0,0,0,0,0],&quot;469777928&quot;:[1,1,1,1,1,1,1,1,1,1,1,1]}\">\u00a0<\/span><\/p>\n<p><span data-contrast=\"none\">Nackdelar: En betydande nackdel med \u00f6vervakad examination \u00e4r den \u00f6kade stress och \u00e5ngest som kan uppst\u00e5 hos studenter, vilket kan p\u00e5verka deras prestation negativt. Det finns ocks\u00e5 logistiska utmaningar, s\u00e5som behovet av lokaler, personal och teknik, vilket kan vara kostsamt och tidskr\u00e4vande. Online-\u00f6vervakning kan dessutom st\u00f6ta p\u00e5 tekniska problem som bristande internetuppkoppling och otillr\u00e4cklig teknisk utrustning och\/eller t\u00e4ckning av det \u00f6vervakade omr\u00e5det, vilket kan p\u00e5verka studentens m\u00f6jlighet att genomf\u00f6ra provet r\u00e4ttvist. Dessutom \u00e4r logistiska utmaningar som behovet av lokaler, personal och teknik kostsamma och tidskr\u00e4vande.<\/span><span data-ccp-props=\"{&quot;469777462&quot;:[560,1120,1680,2240,2800,3360,3920,4480,5040,5600,6160,6720],&quot;469777927&quot;:[0,0,0,0,0,0,0,0,0,0,0,0],&quot;469777928&quot;:[1,1,1,1,1,1,1,1,1,1,1,1]}\">\u00a0<\/span><\/p>\n<p><span data-ccp-props=\"{&quot;469777462&quot;:[560,1120,1680,2240,2800,3360,3920,4480,5040,5600,6160,6720],&quot;469777927&quot;:[0,0,0,0,0,0,0,0,0,0,0,0],&quot;469777928&quot;:[1,1,1,1,1,1,1,1,1,1,1,1]}\">\u00a0<\/span><\/p>\n<p><span data-ccp-props=\"{&quot;469777462&quot;:[560,1120,1680,2240,2800,3360,3920,4480,5040,5600,6160,6720],&quot;469777927&quot;:[0,0,0,0,0,0,0,0,0,0,0,0],&quot;469777928&quot;:[1,1,1,1,1,1,1,1,1,1,1,1]}\">\u00a0<\/span><\/p>\n<p><b><span data-contrast=\"none\">Icke \u00f6vervakad examination<\/span><\/b><span data-ccp-props=\"{&quot;201341983&quot;:0,&quot;335559740&quot;:259,&quot;469777462&quot;:[560,1120,1680,2240,2800,3360,3920,4480,5040,5600,6160,6720],&quot;469777927&quot;:[0,0,0,0,0,0,0,0,0,0,0,0],&quot;469777928&quot;:[1,1,1,1,1,1,1,1,1,1,1,1]}\">\u00a0<\/span><\/p>\n<p><span data-ccp-props=\"{&quot;201341983&quot;:0,&quot;335559740&quot;:259,&quot;469777462&quot;:[560,1120,1680,2240,2800,3360,3920,4480,5040,5600,6160,6720],&quot;469777927&quot;:[0,0,0,0,0,0,0,0,0,0,0,0],&quot;469777928&quot;:[1,1,1,1,1,1,1,1,1,1,1,1]}\">\u00a0<\/span><\/p>\n<p><b><span data-contrast=\"none\">Bakgrund\/sammanhang\u00a0<\/span><\/b><span data-ccp-props=\"{&quot;201341983&quot;:0,&quot;335559740&quot;:259,&quot;469777462&quot;:[560,1120,1680,2240,2800,3360,3920,4480,5040,5600,6160,6720],&quot;469777927&quot;:[0,0,0,0,0,0,0,0,0,0,0,0],&quot;469777928&quot;:[1,1,1,1,1,1,1,1,1,1,1,1]}\">\u00a0<\/span><\/p>\n<p><span data-contrast=\"none\">I<\/span><span data-contrast=\"none\">cke \u00f6vervakad examination inneb\u00e4r att studenter genomf\u00f6r prov utan direkt \u00f6vervakning. Denna form av examination anv\u00e4nds ofta vid hemtentamen, projektarbeten eller online-uppgifter d\u00e4r studenterna har tillg\u00e5ng till resurser och tid f\u00f6r att slutf\u00f6ra uppgiften p\u00e5 egen hand. Syftet \u00e4r att bed\u00f6ma kunskaper uttryckta genom f\u00f6rm\u00e5gor som inte l\u00e4tt l\u00e5ter sig bed\u00f6mas i en \u00f6vervakad situation. Det kan t.ex. handla om att sj\u00e4lvst\u00e4ndigt skapa n\u00e5gonting eller visa f\u00f6rm\u00e5gan till djupare analys d\u00e4r tiden under \u00f6vervakning inte r\u00e4cker till. Hemtentamen anv\u00e4nds ocks\u00e5 f\u00f6r att rikta studentens fokus mot en specifik uppgift under en l\u00e4ngre tid f\u00f6r att d\u00e4rigenom bidra till ett \u00f6kat l\u00e4rande.\u00a0\u00a0<\/span><span data-ccp-props=\"{&quot;201341983&quot;:0,&quot;335559740&quot;:259,&quot;469777462&quot;:[560,1120,1680,2240,2800,3360,3920,4480,5040,5600,6160,6720],&quot;469777927&quot;:[0,0,0,0,0,0,0,0,0,0,0,0],&quot;469777928&quot;:[1,1,1,1,1,1,1,1,1,1,1,1]}\">\u00a0<\/span><\/p>\n<p><span data-ccp-props=\"{&quot;201341983&quot;:0,&quot;335559740&quot;:259,&quot;469777462&quot;:[560,1120,1680,2240,2800,3360,3920,4480,5040,5600,6160,6720],&quot;469777927&quot;:[0,0,0,0,0,0,0,0,0,0,0,0],&quot;469777928&quot;:[1,1,1,1,1,1,1,1,1,1,1,1]}\">\u00a0<\/span><\/p>\n<p><b><span data-contrast=\"none\">Uppbyggnad<\/span><\/b><span data-ccp-props=\"{&quot;201341983&quot;:0,&quot;335559740&quot;:259,&quot;469777462&quot;:[560,1120,1680,2240,2800,3360,3920,4480,5040,5600,6160,6720],&quot;469777927&quot;:[0,0,0,0,0,0,0,0,0,0,0,0],&quot;469777928&quot;:[1,1,1,1,1,1,1,1,1,1,1,1]}\">\u00a0<\/span><\/p>\n<p><span data-contrast=\"none\">Icke \u00f6vervakad examination kan inkludera olika typer av uppgifter som hemtentamen, d\u00e4r studenterna f\u00e5r ett visst antal dagar att slutf\u00f6ra provet, projektarbeten som genomf\u00f6rs \u00f6ver en l\u00e4ngre tid, eller online-uppgifter som kan slutf\u00f6ras n\u00e4r som helst inom en viss tidsram. Denna metod kr\u00e4ver att studenterna har tillg\u00e5ng till n\u00f6dv\u00e4ndiga resurser och teknologiska verktyg f\u00f6r att slutf\u00f6ra uppgiften.\u00a0<\/span><span data-ccp-props=\"{&quot;201341983&quot;:0,&quot;335559740&quot;:259,&quot;469777462&quot;:[560,1120,1680,2240,2800,3360,3920,4480,5040,5600,6160,6720],&quot;469777927&quot;:[0,0,0,0,0,0,0,0,0,0,0,0],&quot;469777928&quot;:[1,1,1,1,1,1,1,1,1,1,1,1]}\">\u00a0<\/span><\/p>\n<p><span data-ccp-props=\"{&quot;201341983&quot;:0,&quot;335559740&quot;:259,&quot;469777462&quot;:[560,1120,1680,2240,2800,3360,3920,4480,5040,5600,6160,6720],&quot;469777927&quot;:[0,0,0,0,0,0,0,0,0,0,0,0],&quot;469777928&quot;:[1,1,1,1,1,1,1,1,1,1,1,1]}\">\u00a0<\/span><\/p>\n<p><span data-contrast=\"none\">F\u00f6r\/nackdelar<\/span><span data-ccp-props=\"{&quot;469777462&quot;:[560,1120,1680,2240,2800,3360,3920,4480,5040,5600,6160,6720],&quot;469777927&quot;:[0,0,0,0,0,0,0,0,0,0,0,0],&quot;469777928&quot;:[1,1,1,1,1,1,1,1,1,1,1,1]}\">\u00a0<\/span><\/p>\n<p><span data-contrast=\"none\">F\u00f6rdelar: Icke \u00f6vervakad examination fr\u00e4mjar sj\u00e4lvst\u00e4ndigt l\u00e4rande och kritiskt t\u00e4nkande genom att studenterna m\u00e5ste organisera sitt eget arbete och anv\u00e4nda tillg\u00e4ngliga resurser effektivt. Det ger ocks\u00e5 flexibilitet f\u00f6r studenterna att genomf\u00f6ra uppgiften p\u00e5 en tid som passar dem b\u00e4st, vilket kan minska stress och \u00e5ngest.<\/span><span data-ccp-props=\"{&quot;201341983&quot;:0,&quot;335559740&quot;:259,&quot;469777462&quot;:[560,1120,1680,2240,2800,3360,3920,4480,5040,5600,6160,6720],&quot;469777927&quot;:[0,0,0,0,0,0,0,0,0,0,0,0],&quot;469777928&quot;:[1,1,1,1,1,1,1,1,1,1,1,1]}\">\u00a0<\/span><\/p>\n<p><span data-contrast=\"none\">Nackdelar: En nackdel med icke \u00f6vervakad examination \u00e4r risken f\u00f6r fusk, eftersom det \u00e4r sv\u00e5rare att kontrollera att studenterna inte anv\u00e4nder otill\u00e5tna hj\u00e4lpmedel. Det kan ocks\u00e5 finnas os\u00e4kerheter kring r\u00e4ttvis bed\u00f6mning om studenterna f\u00e5r olika mycket st\u00f6d utifr\u00e5n.<\/span><span data-ccp-props=\"{&quot;201341983&quot;:0,&quot;335559740&quot;:259,&quot;469777462&quot;:[560,1120,1680,2240,2800,3360,3920,4480,5040,5600,6160,6720],&quot;469777927&quot;:[0,0,0,0,0,0,0,0,0,0,0,0],&quot;469777928&quot;:[1,1,1,1,1,1,1,1,1,1,1,1]}\">\u00a0<\/span><\/p>\n<p>&nbsp;<\/p>\n","protected":false},"excerpt":{"rendered":"<p>\u00d6vervakad Examination\u00a0 \u00a0 Bakgrund\/sammanhang\u00a0\u00a0 \u00d6vervakad examination genomf\u00f6rs f\u00f6r att s\u00e4kerst\u00e4lla r\u00e4ttvisa och f\u00f6rhindra fusk. Denna metod innefattar t.ex. skriftliga prov i skrivsal, muntliga examinationer, l\u00f6pande examination d\u00e4r \u00f6vervakning i samtal ing\u00e5r, \u00f6vervakade stickprov och digitala prov som \u00f6vervakas online.\u00a0\u00a0 \u00a0 Uppbyggnad\u00a0 \u00d6vervakad examination kan anta flera former. Traditionellt sker det i ett klassrum eller skrivsal [&hellip;]<\/p>\n","protected":false},"author":1,"featured_media":0,"parent":250,"menu_order":0,"comment_status":"closed","ping_status":"closed","template":"","meta":{"_acf_changed":false,"footnotes":""},"class_list":["post-185","page","type-page","status-publish","hentry"],"acf":[],"_links":{"self":[{"href":"https:\/\/nehu.se\/nehu\/index.php?rest_route=\/wp\/v2\/pages\/185","targetHints":{"allow":["GET"]}}],"collection":[{"href":"https:\/\/nehu.se\/nehu\/index.php?rest_route=\/wp\/v2\/pages"}],"about":[{"href":"https:\/\/nehu.se\/nehu\/index.php?rest_route=\/wp\/v2\/types\/page"}],"author":[{"embeddable":true,"href":"https:\/\/nehu.se\/nehu\/index.php?rest_route=\/wp\/v2\/users\/1"}],"replies":[{"embeddable":true,"href":"https:\/\/nehu.se\/nehu\/index.php?rest_route=%2Fwp%2Fv2%2Fcomments&post=185"}],"version-history":[{"count":4,"href":"https:\/\/nehu.se\/nehu\/index.php?rest_route=\/wp\/v2\/pages\/185\/revisions"}],"predecessor-version":[{"id":330,"href":"https:\/\/nehu.se\/nehu\/index.php?rest_route=\/wp\/v2\/pages\/185\/revisions\/330"}],"up":[{"embeddable":true,"href":"https:\/\/nehu.se\/nehu\/index.php?rest_route=\/wp\/v2\/pages\/250"}],"wp:attachment":[{"href":"https:\/\/nehu.se\/nehu\/index.php?rest_route=%2Fwp%2Fv2%2Fmedia&parent=185"}],"curies":[{"name":"wp","href":"https:\/\/api.w.org\/{rel}","templated":true}]}}