{"id":206,"date":"2024-06-07T06:50:08","date_gmt":"2024-06-07T06:50:08","guid":{"rendered":"https:\/\/nehu.se\/nehu\/?page_id=206"},"modified":"2024-06-14T08:19:39","modified_gmt":"2024-06-14T08:19:39","slug":"kategori-psykomotorisk-doman","status":"publish","type":"page","link":"https:\/\/nehu.se\/nehu\/?page_id=206","title":{"rendered":"Psykomotorisk dom\u00e4n"},"content":{"rendered":"<p>Vi har \u00e4ven kurser och utbildningar som kan ha l\u00e4randem\u00e5l som fokuserar p\u00e5 den psykomotoriska dom\u00e4nen av l\u00e4rande. Dvs l\u00e4randem\u00e5l som fokuserar p\u00e5 f\u00e4rdigheter av olika slag. Inom dom\u00e4nen handlar kunskapsutveckling om att se och tolka f\u00f6ruts\u00e4ttningar f\u00f6r en enskild procedur, att steg f\u00f6r steg kunna genomf\u00f6ra den med hj\u00e4lp av v\u00e4gledning och \u00e5terkoppling f\u00f6r att sedan utf\u00f6ra den autonomt och att successivt utveckla snabbhet och precision i s\u00e5v\u00e4l utf\u00f6rande som val av procedur eller handling. Likt de kognitiva och affektiva dom\u00e4nerna \u00e4r \u00e4ven den psykomotoriska kumulativ i sin karakt\u00e4r. M\u00e5nga av v\u00e5ra yrkesinriktade utbildningar har uppenbara l\u00e4randemoment som fokuserar p\u00e5 psykomotorisk f\u00e4rdighet. \u00c4ven f\u00f6r de psykomotoriska l\u00e4randem\u00e5len varierar examinationsformer stort men omfattar ofta applikation av kunskap, praktiska inslag, demonstrationer, kamratinstruktion, eller verksamhetsf\u00f6rlagd examination. Strukturen kring exempelvis examinationsformen OSCE (Objective Structured Clinical Examination) \u00e4r ett s\u00e5dan exempel men \u00e4ven steg o exempelvis programmering eller matematisk probleml\u00f6sning faller under den h\u00e4r dom\u00e4nen och kr\u00e4ver d\u00e4rmed l\u00e4mpliga l\u00e4randeaktiviteter och bed\u00f6mningsformer. Enligt Bloom &amp; Kratwhols reviderade l\u00e4randem\u00e5lslista omfattar dom\u00e4nen fem niv\u00e5er:<\/p>\n<ul>\n<li><strong>Observation och imitation<\/strong>: P\u00e5 den h\u00e4r niv\u00e5n blir studenten uppm\u00e4rksam p\u00e5 en process eller en procedur och kan b\u00f6rja imitera den<\/li>\n<li><strong>Vilja och manipulering<\/strong>: H\u00e4r b\u00f6rjar studenten \u00f6va och testa och bekantar sig alltmer med \u00f6vningen samt \u00e4r motiverad att f\u00f6rb\u00e4ttra den.<\/li>\n<li><strong>Guidad respons och precision<\/strong>: Med hj\u00e4lp av \u00e5terkoppling i ett senare skede av utvecklingen kan studenter n\u00e5 en h\u00f6gre grad av precision i sitt utf\u00f6rande med f\u00e4rre brister<\/li>\n<li><strong>Mekanisk respons och systematiskt genomf\u00f6rande<\/strong>: N\u00e4r studenter blivit alltmera s\u00e4kra i sitt utf\u00f6rande har de \u00e4ven f\u00f6rm\u00e5ga att delvis automatisera utf\u00f6randen och s\u00e4tta det i ett st\u00f6rre\u00a0 sammanhang eller i en sekvens av processer eller procedurer<\/li>\n<li>\u00a0<strong>Sj\u00e4lvst\u00e4ndig och naturlig<\/strong>: Den avslutande niv\u00e5n inneb\u00e4r att studenten \u00e4r helt sj\u00e4lvst\u00e4ndig och har gjort processen eller proceduren naturlig.<\/li>\n<\/ul>\n<p><strong>F\u00f6rdelar\/Nackdelar:<\/strong> Att medvetet analysera en process eller procedur i dess best\u00e5ndsdelar f\u00f6r att kunna beskriva komponenterna och d\u00e4rmed undervisningsinslag f\u00f6r de fem niv\u00e5erna \u00e4r ofta avg\u00f6rande och mycket l\u00e4rorikt \u00e4ven f\u00f6r l\u00e4rare. Som l\u00e4rare \u00e4r vi p\u00e5 niv\u00e5n \u2018sj\u00e4lvst\u00e4ndig \/ naturlig\u2019 och kan ibland ha gl\u00f6mt de kumulativa stegen i att n\u00e5 den niv\u00e5n. Ett relaterat problem \u00e4r att vi ofta l\u00e4rt oss en \u00f6vning p\u00e5 ett f\u00f6r oss naturligt s\u00e4tt men vi gl\u00f6mmer l\u00e4tt att vi har studenter med olika l\u00e4randeprofiler eller f\u00f6ruts\u00e4ttningar f\u00f6r l\u00e4rande och att vi d\u00e4rf\u00f6r beh\u00f6ver anpassa l\u00e4randeaktiviteter och bed\u00f6mningsformer eller f\u00f6ruts\u00e4ttningar f\u00f6r bed\u00f6mning.<\/p>\n<p><strong>Exempel<\/strong>: Sjuksk\u00f6terskestudenter l\u00e4r sig och \u00f6var p\u00e5 de steg som kr\u00e4vs f\u00f6r att utf\u00f6ra ett sterilt f\u00f6rbandsbyte p\u00e5 en patient, vilket inneb\u00e4r att uppr\u00e4tth\u00e5lla sterilitet, exakta r\u00f6relser och koordination.<\/p>\n","protected":false},"excerpt":{"rendered":"<p>Vi har \u00e4ven kurser och utbildningar som kan ha l\u00e4randem\u00e5l som fokuserar p\u00e5 den psykomotoriska dom\u00e4nen av l\u00e4rande. Dvs l\u00e4randem\u00e5l som fokuserar p\u00e5 f\u00e4rdigheter av olika slag. Inom dom\u00e4nen handlar kunskapsutveckling om att se och tolka f\u00f6ruts\u00e4ttningar f\u00f6r en enskild procedur, att steg f\u00f6r steg kunna genomf\u00f6ra den med hj\u00e4lp av v\u00e4gledning och \u00e5terkoppling f\u00f6r [&hellip;]<\/p>\n","protected":false},"author":1,"featured_media":0,"parent":250,"menu_order":0,"comment_status":"closed","ping_status":"closed","template":"","meta":{"_acf_changed":false,"footnotes":""},"class_list":["post-206","page","type-page","status-publish","hentry"],"acf":[],"_links":{"self":[{"href":"https:\/\/nehu.se\/nehu\/index.php?rest_route=\/wp\/v2\/pages\/206","targetHints":{"allow":["GET"]}}],"collection":[{"href":"https:\/\/nehu.se\/nehu\/index.php?rest_route=\/wp\/v2\/pages"}],"about":[{"href":"https:\/\/nehu.se\/nehu\/index.php?rest_route=\/wp\/v2\/types\/page"}],"author":[{"embeddable":true,"href":"https:\/\/nehu.se\/nehu\/index.php?rest_route=\/wp\/v2\/users\/1"}],"replies":[{"embeddable":true,"href":"https:\/\/nehu.se\/nehu\/index.php?rest_route=%2Fwp%2Fv2%2Fcomments&post=206"}],"version-history":[{"count":4,"href":"https:\/\/nehu.se\/nehu\/index.php?rest_route=\/wp\/v2\/pages\/206\/revisions"}],"predecessor-version":[{"id":266,"href":"https:\/\/nehu.se\/nehu\/index.php?rest_route=\/wp\/v2\/pages\/206\/revisions\/266"}],"up":[{"embeddable":true,"href":"https:\/\/nehu.se\/nehu\/index.php?rest_route=\/wp\/v2\/pages\/250"}],"wp:attachment":[{"href":"https:\/\/nehu.se\/nehu\/index.php?rest_route=%2Fwp%2Fv2%2Fmedia&parent=206"}],"curies":[{"name":"wp","href":"https:\/\/api.w.org\/{rel}","templated":true}]}}