{"id":250,"date":"2024-06-07T11:38:54","date_gmt":"2024-06-07T11:38:54","guid":{"rendered":"https:\/\/nehu.se\/nehu\/?page_id=250"},"modified":"2024-06-16T16:42:58","modified_gmt":"2024-06-16T16:42:58","slug":"beskrivning-av-kategorier","status":"publish","type":"page","link":"https:\/\/nehu.se\/nehu\/?page_id=250","title":{"rendered":"Beskrivning av kategorier"},"content":{"rendered":"<p>Klicka p\u00e5 den kategori som du vill veta mer om.<\/p>\n<div style=\"display: flex; justify-content: space-between;\">\n<div>\n        <a href=\"https:\/\/nehu.se\/nehu\/?page_id=202\">AI-anpassad<\/a><br \/>\n        <a href=\"https:\/\/nehu.se\/nehu\/?page_id=204\">Affektiv dom\u00e4n<\/a><br \/>\n        <a href=\"https:\/\/nehu.se\/nehu\/?page_id=183\">Anonym<\/a><br \/>\n        <a href=\"https:\/\/nehu.se\/nehu\/?page_id=181\">Bed\u00f6mare<\/a>\n    <\/div>\n<div>\n        <a href=\"https:\/\/nehu.se\/nehu\/?page_id=195\">Format<\/a><br \/>\n        <a href=\"https:\/\/nehu.se\/nehu\/?page_id=208\">Kognitiv niv\u00e5 och process<\/a><br \/>\n        <a href=\"https:\/\/nehu.se\/nehu\/?page_id=200\">Kunskapsdimension<\/a><br \/>\n        <a href=\"https:\/\/nehu.se\/nehu\/?page_id=191\">Metod<\/a>\n    <\/div>\n<div>\n        <a href=\"https:\/\/nehu.se\/nehu\/?page_id=206\">Psykomotorisk dom\u00e4n<\/a><br \/>\n        <a href=\"https:\/\/nehu.se\/nehu\/?page_id=189\">Tidpunkt<\/a><br \/>\n        <a href=\"https:\/\/nehu.se\/nehu\/?page_id=193\">Typ av l\u00e4randem\u00e5l<\/a><br \/>\n        <a href=\"https:\/\/nehu.se\/nehu\/?page_id=185\">\u00d6vervakad<\/a>\n    <\/div>\n<\/div>\n","protected":false},"excerpt":{"rendered":"<p>Klicka p\u00e5 den kategori som du vill veta mer om. AI-anpassad Affektiv dom\u00e4n Anonym Bed\u00f6mare Format Kognitiv niv\u00e5 och process Kunskapsdimension Metod Psykomotorisk dom\u00e4n Tidpunkt Typ av l\u00e4randem\u00e5l \u00d6vervakad<\/p>\n","protected":false},"author":1,"featured_media":0,"parent":0,"menu_order":0,"comment_status":"closed","ping_status":"closed","template":"","meta":{"_acf_changed":false,"footnotes":""},"class_list":["post-250","page","type-page","status-publish","hentry"],"acf":[],"_links":{"self":[{"href":"https:\/\/nehu.se\/nehu\/index.php?rest_route=\/wp\/v2\/pages\/250","targetHints":{"allow":["GET"]}}],"collection":[{"href":"https:\/\/nehu.se\/nehu\/index.php?rest_route=\/wp\/v2\/pages"}],"about":[{"href":"https:\/\/nehu.se\/nehu\/index.php?rest_route=\/wp\/v2\/types\/page"}],"author":[{"embeddable":true,"href":"https:\/\/nehu.se\/nehu\/index.php?rest_route=\/wp\/v2\/users\/1"}],"replies":[{"embeddable":true,"href":"https:\/\/nehu.se\/nehu\/index.php?rest_route=%2Fwp%2Fv2%2Fcomments&post=250"}],"version-history":[{"count":8,"href":"https:\/\/nehu.se\/nehu\/index.php?rest_route=\/wp\/v2\/pages\/250\/revisions"}],"predecessor-version":[{"id":294,"href":"https:\/\/nehu.se\/nehu\/index.php?rest_route=\/wp\/v2\/pages\/250\/revisions\/294"}],"wp:attachment":[{"href":"https:\/\/nehu.se\/nehu\/index.php?rest_route=%2Fwp%2Fv2%2Fmedia&parent=250"}],"curies":[{"name":"wp","href":"https:\/\/api.w.org\/{rel}","templated":true}]}}