{"id":277,"date":"2024-06-11T11:32:54","date_gmt":"2024-06-11T11:32:54","guid":{"rendered":"https:\/\/nehu.se\/nehu\/?page_id=277"},"modified":"2024-06-11T11:51:57","modified_gmt":"2024-06-11T11:51:57","slug":"om-natverket","status":"publish","type":"page","link":"https:\/\/nehu.se\/nehu\/?page_id=277","title":{"rendered":"Om n\u00e4tverket"},"content":{"rendered":"<h2 style=\"font-weight: 400;\"><span data-ogsc=\"black\">V\u00e4lkommen till ett initiativ f\u00f6r att f\u00f6rb\u00e4ttra examinationer inom h\u00f6gre utbildning!\u00a0<\/span><\/h2>\n<h3 style=\"font-weight: 400;\"><span data-ogsc=\"black\">Vilka \u00e4r vi?<\/span><\/h3>\n<p style=\"font-weight: 400;\"><span data-ogsc=\"black\">N\u00e4tverket inkluderar pedagogiskt drivande personer fr\u00e5n Ume\u00e5 universitet, Kungliga tekniska h\u00f6gskolan, Chalmers, G\u00f6teborgs universitet, \u00d6rebro universitet, Lule\u00e5 Tekniska universitet, Link\u00f6pings universitet, H\u00f6gskolan i G\u00e4vle, Stockholms universitet, H\u00f6gskolan i Halmstad, Uppsala universitet, Karolinska institutet och J\u00f6nk\u00f6ping University.<\/span><span data-ogsc=\"black\">\u00a0<\/span><\/p>\n<h3 style=\"font-weight: 400;\"><span data-ogsc=\"black\">Vad g\u00f6r vi?<\/span><\/h3>\n<p style=\"font-weight: 400;\"><span data-ogsc=\"black\">Vi\u00a0diskuterar utmanande fr\u00e5gor och aktuella teman kring v\u00e5r examinationspraktik.\u00a0Under v\u00e5ren 2022 h\u00f6lls den f\u00f6rsta online-tr\u00e4ffen och sedan dess har vi tr\u00e4ffats cirka tre\u00a0g\u00e5nger per termin. Vi genomf\u00f6rde\u00a0ht 2023 en hybridkonferens med fysisk tr\u00e4ff f\u00f6r n\u00e4tverksmedlemmar (20 deltagare) och online f\u00f6r kollegor p\u00e5 v\u00e5ra l\u00e4ros\u00e4ten (500 deltagare!).<\/span><\/p>\n<h3 style=\"font-weight: 400;\"><span data-ogsc=\"black\">Vill du vara med?<\/span><\/h3>\n<p style=\"font-weight: 400;\"><span data-ogsc=\"black\">Vi v\u00e4lkomnar pedagogiska utvecklare och andra intresserade av examinationsutveckling inom h\u00f6gre utbildning som aktivt deltar i utvecklingsinsatser p\u00e5 det egna l\u00e4ros\u00e4tet, och \u00e4r villiga att dela med sig av erfarenheter.<\/span><span data-ogsc=\"black\"> Genom att delta f\u00e5r du m\u00f6jlighet att:<\/span><\/p>\n<ul>\n<li style=\"font-weight: 400;\"><span data-ogsc=\"black\">Delta i en professionsgemenskap om examinationspraktiken<\/span><\/li>\n<li style=\"font-weight: 400;\">Pr\u00f6va utmanande fr\u00e5gor<\/li>\n<li style=\"font-weight: 400;\">Dela och ta del av anv\u00e4ndbara resurser<\/li>\n<\/ul>\n<p>F\u00f6r mer information och f\u00f6r att bli en del av i n\u00e4tverket<span data-ogsc=\"black\">, kontakta <span style=\"color: #3366ff;\"><a style=\"color: #3366ff;\" href=\"mailto:oskar.gedda@umu.se\">oskar.gedda@umu.se<\/a><\/span> (projektkoordinator)<\/span><\/p>\n","protected":false},"excerpt":{"rendered":"<p>V\u00e4lkommen till ett initiativ f\u00f6r att f\u00f6rb\u00e4ttra examinationer inom h\u00f6gre utbildning!\u00a0 Vilka \u00e4r vi? N\u00e4tverket inkluderar pedagogiskt drivande personer fr\u00e5n Ume\u00e5 universitet, Kungliga tekniska h\u00f6gskolan, Chalmers, G\u00f6teborgs universitet, \u00d6rebro universitet, Lule\u00e5 Tekniska universitet, Link\u00f6pings universitet, H\u00f6gskolan i G\u00e4vle, Stockholms universitet, H\u00f6gskolan i Halmstad, Uppsala universitet, Karolinska institutet och J\u00f6nk\u00f6ping University.\u00a0 Vad g\u00f6r vi? Vi\u00a0diskuterar utmanande [&hellip;]<\/p>\n","protected":false},"author":1,"featured_media":0,"parent":0,"menu_order":0,"comment_status":"closed","ping_status":"closed","template":"","meta":{"_acf_changed":false,"footnotes":""},"class_list":["post-277","page","type-page","status-publish","hentry"],"acf":[],"_links":{"self":[{"href":"https:\/\/nehu.se\/nehu\/index.php?rest_route=\/wp\/v2\/pages\/277","targetHints":{"allow":["GET"]}}],"collection":[{"href":"https:\/\/nehu.se\/nehu\/index.php?rest_route=\/wp\/v2\/pages"}],"about":[{"href":"https:\/\/nehu.se\/nehu\/index.php?rest_route=\/wp\/v2\/types\/page"}],"author":[{"embeddable":true,"href":"https:\/\/nehu.se\/nehu\/index.php?rest_route=\/wp\/v2\/users\/1"}],"replies":[{"embeddable":true,"href":"https:\/\/nehu.se\/nehu\/index.php?rest_route=%2Fwp%2Fv2%2Fcomments&post=277"}],"version-history":[{"count":5,"href":"https:\/\/nehu.se\/nehu\/index.php?rest_route=\/wp\/v2\/pages\/277\/revisions"}],"predecessor-version":[{"id":289,"href":"https:\/\/nehu.se\/nehu\/index.php?rest_route=\/wp\/v2\/pages\/277\/revisions\/289"}],"wp:attachment":[{"href":"https:\/\/nehu.se\/nehu\/index.php?rest_route=%2Fwp%2Fv2%2Fmedia&parent=277"}],"curies":[{"name":"wp","href":"https:\/\/api.w.org\/{rel}","templated":true}]}}